{"id":3164,"date":"2025-08-30T03:54:03","date_gmt":"2025-08-30T03:54:03","guid":{"rendered":"https:\/\/car-rental-cancun.com\/about-2\/"},"modified":"2025-09-16T17:11:36","modified_gmt":"2025-09-16T17:11:36","slug":"about-2","status":"publish","type":"page","link":"https:\/\/car-rental-cancun.com\/en\/about-2\/","title":{"rendered":"Blog"},"content":{"rendered":"<div data-elementor-type=\"wp-page\" data-elementor-id=\"3164\" class=\"elementor elementor-3164\">\n\t\t\t\t<div class=\"elementor-element elementor-element-32dcd61 e-flex e-con-boxed e-con e-parent\" data-id=\"32dcd61\" data-element_type=\"container\">\n\t\t\t\t\t<div class=\"e-con-inner\">\n\t\t\t\t<div class=\"elementor-element elementor-element-5b62baa elementor-widget elementor-widget-heading\" data-id=\"5b62baa\" data-element_type=\"widget\" data-widget_type=\"heading.default\">\n\t\t\t\t<div class=\"elementor-widget-container\">\n\t\t\t\t\t<h2 class=\"elementor-heading-title elementor-size-default\">Gu\u00eda completa para rentar un auto en Canc\u00fan sin tarjeta de cr\u00e9dito<\/h2>\t\t\t\t<\/div>\n\t\t\t\t<\/div>\n\t\t\t\t\t<\/div>\n\t\t\t\t<\/div>\n\t\t\t\t<section class=\"elementor-section elementor-top-section elementor-element elementor-element-8l8nhuq elementor-section-content-middle elementor-section-boxed elementor-section-height-default elementor-section-height-default\" data-id=\"8l8nhuq\" data-element_type=\"section\" data-settings=\"{&quot;background_background&quot;:&quot;classic&quot;}\">\n\t\t\t\t\t\t\t<div class=\"elementor-background-overlay\"><\/div>\n\t\t\t\t\t\t\t<div class=\"elementor-container elementor-column-gap-no\">\n\t\t\t\t\t<div class=\"elementor-column elementor-col-33 elementor-top-column elementor-element elementor-element-19be28e\" data-id=\"19be28e\" data-element_type=\"column\">\n\t\t\t<div class=\"elementor-widget-wrap elementor-element-populated\">\n\t\t\t\t\t\t<div class=\"elementor-element elementor-element-3935697 elementor-widget elementor-widget-heading\" data-id=\"3935697\" data-element_type=\"widget\" data-widget_type=\"heading.default\">\n\t\t\t\t<div class=\"elementor-widget-container\">\n\t\t\t\t\t<h2 class=\"elementor-heading-title elementor-size-default\">This Can Be Secondary Heading <\/h2>\t\t\t\t<\/div>\n\t\t\t\t<\/div>\n\t\t\t\t<div class=\"elementor-element elementor-element-491352d elementor-widget elementor-widget-text-editor\" data-id=\"491352d\" data-element_type=\"widget\" data-widget_type=\"text-editor.default\">\n\t\t\t\t<div class=\"elementor-widget-container\">\n\t\t\t\t\t\t\t\t\t<p>Lorem ipsum dolor sit amet, consectetur adipiscing elit, sed do eiusmod tempor.<\/p>\t\t\t\t\t\t\t\t<\/div>\n\t\t\t\t<\/div>\n\t\t\t\t\t<\/div>\n\t\t<\/div>\n\t\t\t\t<div class=\"elementor-column elementor-col-66 elementor-top-column elementor-element elementor-element-155952c\" data-id=\"155952c\" data-element_type=\"column\">\n\t\t\t<div class=\"elementor-widget-wrap elementor-element-populated\">\n\t\t\t\t\t\t<div class=\"elementor-element elementor-element-6ef8186 elementor-widget elementor-widget-text-editor\" data-id=\"6ef8186\" data-element_type=\"widget\" data-widget_type=\"text-editor.default\">\n\t\t\t\t<div class=\"elementor-widget-container\">\n\t\t\t\t\t\t\t\t\tDuis aute irure dolor in reprehenderit in voluptate velit esse cillum dolore eu fugiat nulla pariatur. Excepteur sint occaecat cupidatat non proident, sunt in culpa qui officia deserunt mollit anim id est laborum. Lorem ipsum dolor sit amet, consectetur adipiscing elit. Ut elit tellus, luctus nec ullamcorper mattis, pulvinar dapibus leo. Nemo enim ipsam voluptatem quia voluptas sit aspernatur aut odit aut fugit, sed quia consequuntur magni dolores eos qui ratione voluptatem sequi nesciunt. Neque porro quisquam est.\t\t\t\t\t\t\t\t<\/div>\n\t\t\t\t<\/div>\n\t\t\t\t\t<\/div>\n\t\t<\/div>\n\t\t\t\t\t<\/div>\n\t\t<\/section>\n\t\t\t\t<\/div>","protected":false},"excerpt":{"rendered":"<p>Gu\u00eda completa para rentar un auto en Canc\u00fan sin tarjeta de cr\u00e9dito This Can Be Secondary Heading Lorem ipsum dolor sit amet, consectetur adipiscing elit, sed do eiusmod tempor. Duis aute irure dolor in reprehenderit in voluptate velit esse cillum dolore eu fugiat nulla pariatur. Excepteur sint occaecat cupidatat non proident, sunt in culpa qui [&hellip;]<\/p>","protected":false},"author":1,"featured_media":3299,"parent":0,"menu_order":0,"comment_status":"closed","ping_status":"closed","template":"","meta":{"_uag_custom_page_level_css":"","site-sidebar-layout":"no-sidebar","site-content-layout":"page-builder","ast-site-content-layout":"full-width-container","site-content-style":"unboxed","site-sidebar-style":"unboxed","ast-global-header-display":"","ast-banner-title-visibility":"","ast-main-header-display":"","ast-hfb-above-header-display":"","ast-hfb-below-header-display":"","ast-hfb-mobile-header-display":"","site-post-title":"","ast-breadcrumbs-content":"","ast-featured-img":"disabled","footer-sml-layout":"","theme-transparent-header-meta":"","adv-header-id-meta":"","stick-header-meta":"","header-above-stick-meta":"","header-main-stick-meta":"","header-below-stick-meta":"","astra-migrate-meta-layouts":"set","ast-page-background-enabled":"default","ast-page-background-meta":{"desktop":{"background-color":"","background-image":"","background-repeat":"repeat","background-position":"center center","background-size":"auto","background-attachment":"scroll","background-type":"","background-media":"","overlay-type":"","overlay-color":"","overlay-opacity":"","overlay-gradient":""},"tablet":{"background-color":"","background-image":"","background-repeat":"repeat","background-position":"center center","background-size":"auto","background-attachment":"scroll","background-type":"","background-media":"","overlay-type":"","overlay-color":"","overlay-opacity":"","overlay-gradient":""},"mobile":{"background-color":"","background-image":"","background-repeat":"repeat","background-position":"center center","background-size":"auto","background-attachment":"scroll","background-type":"","background-media":"","overlay-type":"","overlay-color":"","overlay-opacity":"","overlay-gradient":""}},"ast-content-background-meta":{"desktop":{"background-color":"var(--ast-global-color-5)","background-image":"","background-repeat":"repeat","background-position":"center center","background-size":"auto","background-attachment":"scroll","background-type":"","background-media":"","overlay-type":"","overlay-color":"","overlay-opacity":"","overlay-gradient":""},"tablet":{"background-color":"var(--ast-global-color-5)","background-image":"","background-repeat":"repeat","background-position":"center center","background-size":"auto","background-attachment":"scroll","background-type":"","background-media":"","overlay-type":"","overlay-color":"","overlay-opacity":"","overlay-gradient":""},"mobile":{"background-color":"var(--ast-global-color-5)","background-image":"","background-repeat":"repeat","background-position":"center center","background-size":"auto","background-attachment":"scroll","background-type":"","background-media":"","overlay-type":"","overlay-color":"","overlay-opacity":"","overlay-gradient":""}},"_joinchat":[],"footnotes":""},"class_list":["post-3164","page","type-page","status-publish","has-post-thumbnail","hentry"],"yoast_head":"<!-- This site is optimized with the Yoast SEO plugin v26.3 - https:\/\/yoast.com\/wordpress\/plugins\/seo\/ -->\n<title>Blog - Car Rental Cancun<\/title>\n<meta name=\"robots\" content=\"index, follow, max-snippet:-1, max-image-preview:large, max-video-preview:-1\" \/>\n<link rel=\"canonical\" href=\"https:\/\/car-rental-cancun.com\/en\/about-2\/\" \/>\n<meta property=\"og:locale\" content=\"en_US\" \/>\n<meta property=\"og:type\" content=\"article\" \/>\n<meta property=\"og:title\" content=\"Blog - Car Rental Cancun\" \/>\n<meta property=\"og:description\" content=\"Gu\u00eda completa para rentar un auto en Canc\u00fan sin tarjeta de cr\u00e9dito This Can Be Secondary Heading Lorem ipsum dolor sit amet, consectetur adipiscing elit, sed do eiusmod tempor. Duis aute irure dolor in reprehenderit in voluptate velit esse cillum dolore eu fugiat nulla pariatur. Excepteur sint occaecat cupidatat non proident, sunt in culpa qui [&hellip;]\" \/>\n<meta property=\"og:url\" content=\"https:\/\/car-rental-cancun.com\/en\/about-2\/\" \/>\n<meta property=\"og:site_name\" content=\"Car Rental Cancun\" \/>\n<meta property=\"article:publisher\" content=\"https:\/\/www.facebook.com\/profile.php?id=100083724175392\" \/>\n<meta property=\"article:modified_time\" content=\"2025-09-16T17:11:36+00:00\" \/>\n<meta property=\"og:image\" content=\"https:\/\/car-rental-cancun.com\/wp-content\/uploads\/2025\/09\/pexels-photo-476692-476692-scaled.jpg\" \/>\n\t<meta property=\"og:image:width\" content=\"2560\" \/>\n\t<meta property=\"og:image:height\" content=\"1502\" \/>\n\t<meta property=\"og:image:type\" content=\"image\/jpeg\" \/>\n<meta name=\"twitter:card\" content=\"summary_large_image\" \/>\n<meta name=\"twitter:label1\" content=\"Est. reading time\" \/>\n\t<meta name=\"twitter:data1\" content=\"2 minutes\" \/>\n<script type=\"application\/ld+json\" class=\"yoast-schema-graph\">{\"@context\":\"https:\/\/schema.org\",\"@graph\":[{\"@type\":\"WebPage\",\"@id\":\"https:\/\/car-rental-cancun.com\/about-2\/\",\"url\":\"https:\/\/car-rental-cancun.com\/about-2\/\",\"name\":\"Blog - Car Rental Cancun\",\"isPartOf\":{\"@id\":\"https:\/\/car-rental-cancun.com\/#website\"},\"primaryImageOfPage\":{\"@id\":\"https:\/\/car-rental-cancun.com\/about-2\/#primaryimage\"},\"image\":{\"@id\":\"https:\/\/car-rental-cancun.com\/about-2\/#primaryimage\"},\"thumbnailUrl\":\"https:\/\/car-rental-cancun.com\/wp-content\/uploads\/2025\/09\/pexels-photo-476692-476692-scaled.jpg\",\"datePublished\":\"2025-08-30T03:54:03+00:00\",\"dateModified\":\"2025-09-16T17:11:36+00:00\",\"breadcrumb\":{\"@id\":\"https:\/\/car-rental-cancun.com\/about-2\/#breadcrumb\"},\"inLanguage\":\"en-US\",\"potentialAction\":[{\"@type\":\"ReadAction\",\"target\":[\"https:\/\/car-rental-cancun.com\/about-2\/\"]}]},{\"@type\":\"ImageObject\",\"inLanguage\":\"en-US\",\"@id\":\"https:\/\/car-rental-cancun.com\/about-2\/#primaryimage\",\"url\":\"https:\/\/car-rental-cancun.com\/wp-content\/uploads\/2025\/09\/pexels-photo-476692-476692-scaled.jpg\",\"contentUrl\":\"https:\/\/car-rental-cancun.com\/wp-content\/uploads\/2025\/09\/pexels-photo-476692-476692-scaled.jpg\",\"width\":2560,\"height\":1502,\"caption\":\"A breathtaking aerial view of a vibrant beach in Cancun, featuring golden sands and turquoise waters.\"},{\"@type\":\"BreadcrumbList\",\"@id\":\"https:\/\/car-rental-cancun.com\/about-2\/#breadcrumb\",\"itemListElement\":[{\"@type\":\"ListItem\",\"position\":1,\"name\":\"Home\",\"item\":\"https:\/\/car-rental-cancun.com\/\"},{\"@type\":\"ListItem\",\"position\":2,\"name\":\"Blog\"}]},{\"@type\":\"WebSite\",\"@id\":\"https:\/\/car-rental-cancun.com\/#website\",\"url\":\"https:\/\/car-rental-cancun.com\/\",\"name\":\"Car Rental Cancun\",\"description\":\"Lets hit the ride\",\"publisher\":{\"@id\":\"https:\/\/car-rental-cancun.com\/#organization\"},\"alternateName\":\"Car rental cancun by roady\",\"potentialAction\":[{\"@type\":\"SearchAction\",\"target\":{\"@type\":\"EntryPoint\",\"urlTemplate\":\"https:\/\/car-rental-cancun.com\/?s={search_term_string}\"},\"query-input\":{\"@type\":\"PropertyValueSpecification\",\"valueRequired\":true,\"valueName\":\"search_term_string\"}}],\"inLanguage\":\"en-US\"},{\"@type\":\"Organization\",\"@id\":\"https:\/\/car-rental-cancun.com\/#organization\",\"name\":\"cancun car rental by Roady Car rental\",\"alternateName\":\"cancun car rental by Roady Car rental\",\"url\":\"https:\/\/car-rental-cancun.com\/\",\"logo\":{\"@type\":\"ImageObject\",\"inLanguage\":\"en-US\",\"@id\":\"https:\/\/car-rental-cancun.com\/#\/schema\/logo\/image\/\",\"url\":\"https:\/\/car-rental-cancun.com\/wp-content\/uploads\/2025\/08\/cropped-LOGO-ROADY_Mesa-de-trabajo-1-scaled-1.png\",\"contentUrl\":\"https:\/\/car-rental-cancun.com\/wp-content\/uploads\/2025\/08\/cropped-LOGO-ROADY_Mesa-de-trabajo-1-scaled-1.png\",\"width\":1920,\"height\":1080,\"caption\":\"cancun car rental by Roady Car rental\"},\"image\":{\"@id\":\"https:\/\/car-rental-cancun.com\/#\/schema\/logo\/image\/\"},\"sameAs\":[\"https:\/\/www.facebook.com\/profile.php?id=100083724175392\",\"https:\/\/www.instagram.com\/roadycar_rental?utm_source=ig_web_button_share_sheet&igsh=ZDNlZDc0MzIxNw==\"]}]}<\/script>\n<!-- \/ Yoast SEO plugin. -->","yoast_head_json":{"title":"Blog - Car Rental Cancun","robots":{"index":"index","follow":"follow","max-snippet":"max-snippet:-1","max-image-preview":"max-image-preview:large","max-video-preview":"max-video-preview:-1"},"canonical":"https:\/\/car-rental-cancun.com\/en\/about-2\/","og_locale":"en_US","og_type":"article","og_title":"Blog - Car Rental Cancun","og_description":"Gu\u00eda completa para rentar un auto en Canc\u00fan sin tarjeta de cr\u00e9dito This Can Be Secondary Heading Lorem ipsum dolor sit amet, consectetur adipiscing elit, sed do eiusmod tempor. Duis aute irure dolor in reprehenderit in voluptate velit esse cillum dolore eu fugiat nulla pariatur. Excepteur sint occaecat cupidatat non proident, sunt in culpa qui [&hellip;]","og_url":"https:\/\/car-rental-cancun.com\/en\/about-2\/","og_site_name":"Car Rental Cancun","article_publisher":"https:\/\/www.facebook.com\/profile.php?id=100083724175392","article_modified_time":"2025-09-16T17:11:36+00:00","og_image":[{"width":2560,"height":1502,"url":"https:\/\/car-rental-cancun.com\/wp-content\/uploads\/2025\/09\/pexels-photo-476692-476692-scaled.jpg","type":"image\/jpeg"}],"twitter_card":"summary_large_image","twitter_misc":{"Est. reading time":"2 minutes"},"schema":{"@context":"https:\/\/schema.org","@graph":[{"@type":"WebPage","@id":"https:\/\/car-rental-cancun.com\/about-2\/","url":"https:\/\/car-rental-cancun.com\/about-2\/","name":"Blog - Car Rental Cancun","isPartOf":{"@id":"https:\/\/car-rental-cancun.com\/#website"},"primaryImageOfPage":{"@id":"https:\/\/car-rental-cancun.com\/about-2\/#primaryimage"},"image":{"@id":"https:\/\/car-rental-cancun.com\/about-2\/#primaryimage"},"thumbnailUrl":"https:\/\/car-rental-cancun.com\/wp-content\/uploads\/2025\/09\/pexels-photo-476692-476692-scaled.jpg","datePublished":"2025-08-30T03:54:03+00:00","dateModified":"2025-09-16T17:11:36+00:00","breadcrumb":{"@id":"https:\/\/car-rental-cancun.com\/about-2\/#breadcrumb"},"inLanguage":"en-US","potentialAction":[{"@type":"ReadAction","target":["https:\/\/car-rental-cancun.com\/about-2\/"]}]},{"@type":"ImageObject","inLanguage":"en-US","@id":"https:\/\/car-rental-cancun.com\/about-2\/#primaryimage","url":"https:\/\/car-rental-cancun.com\/wp-content\/uploads\/2025\/09\/pexels-photo-476692-476692-scaled.jpg","contentUrl":"https:\/\/car-rental-cancun.com\/wp-content\/uploads\/2025\/09\/pexels-photo-476692-476692-scaled.jpg","width":2560,"height":1502,"caption":"A breathtaking aerial view of a vibrant beach in Cancun, featuring golden sands and turquoise waters."},{"@type":"BreadcrumbList","@id":"https:\/\/car-rental-cancun.com\/about-2\/#breadcrumb","itemListElement":[{"@type":"ListItem","position":1,"name":"Home","item":"https:\/\/car-rental-cancun.com\/"},{"@type":"ListItem","position":2,"name":"Blog"}]},{"@type":"WebSite","@id":"https:\/\/car-rental-cancun.com\/#website","url":"https:\/\/car-rental-cancun.com\/","name":"Car Rental Cancun","description":"Lets hit the ride","publisher":{"@id":"https:\/\/car-rental-cancun.com\/#organization"},"alternateName":"Car rental cancun by roady","potentialAction":[{"@type":"SearchAction","target":{"@type":"EntryPoint","urlTemplate":"https:\/\/car-rental-cancun.com\/?s={search_term_string}"},"query-input":{"@type":"PropertyValueSpecification","valueRequired":true,"valueName":"search_term_string"}}],"inLanguage":"en-US"},{"@type":"Organization","@id":"https:\/\/car-rental-cancun.com\/#organization","name":"cancun car rental by Roady Car rental","alternateName":"cancun car rental by Roady Car rental","url":"https:\/\/car-rental-cancun.com\/","logo":{"@type":"ImageObject","inLanguage":"en-US","@id":"https:\/\/car-rental-cancun.com\/#\/schema\/logo\/image\/","url":"https:\/\/car-rental-cancun.com\/wp-content\/uploads\/2025\/08\/cropped-LOGO-ROADY_Mesa-de-trabajo-1-scaled-1.png","contentUrl":"https:\/\/car-rental-cancun.com\/wp-content\/uploads\/2025\/08\/cropped-LOGO-ROADY_Mesa-de-trabajo-1-scaled-1.png","width":1920,"height":1080,"caption":"cancun car rental by Roady Car rental"},"image":{"@id":"https:\/\/car-rental-cancun.com\/#\/schema\/logo\/image\/"},"sameAs":["https:\/\/www.facebook.com\/profile.php?id=100083724175392","https:\/\/www.instagram.com\/roadycar_rental?utm_source=ig_web_button_share_sheet&igsh=ZDNlZDc0MzIxNw=="]}]}},"_hostinger_reach_plugin_has_subscription_block":false,"_hostinger_reach_plugin_is_elementor":false,"uagb_featured_image_src":{"full":["https:\/\/car-rental-cancun.com\/wp-content\/uploads\/2025\/09\/pexels-photo-476692-476692-scaled.jpg",2560,1502,false],"thumbnail":["https:\/\/car-rental-cancun.com\/wp-content\/uploads\/2025\/09\/pexels-photo-476692-476692-150x150.jpg",150,150,true],"medium":["https:\/\/car-rental-cancun.com\/wp-content\/uploads\/2025\/09\/pexels-photo-476692-476692-300x176.jpg",300,176,true],"medium_large":["https:\/\/car-rental-cancun.com\/wp-content\/uploads\/2025\/09\/pexels-photo-476692-476692-768x451.jpg",768,451,true],"large":["https:\/\/car-rental-cancun.com\/wp-content\/uploads\/2025\/09\/pexels-photo-476692-476692-1024x601.jpg",1024,601,true],"1536x1536":["https:\/\/car-rental-cancun.com\/wp-content\/uploads\/2025\/09\/pexels-photo-476692-476692-1536x901.jpg",1536,901,true],"2048x2048":["https:\/\/car-rental-cancun.com\/wp-content\/uploads\/2025\/09\/pexels-photo-476692-476692-2048x1202.jpg",2048,1202,true],"trp-custom-language-flag":["https:\/\/car-rental-cancun.com\/wp-content\/uploads\/2025\/09\/pexels-photo-476692-476692-scaled.jpg",18,12,false]},"uagb_author_info":{"display_name":"manuelpeniche0310@gmail.com","author_link":"https:\/\/car-rental-cancun.com\/en\/author\/manuelpeniche0310gmail-com\/"},"uagb_comment_info":0,"uagb_excerpt":"Gu\u00eda completa para rentar un auto en Canc\u00fan sin tarjeta de cr\u00e9dito This Can Be Secondary Heading Lorem ipsum dolor sit amet, consectetur adipiscing elit, sed do eiusmod tempor. Duis aute irure dolor in reprehenderit in voluptate velit esse cillum dolore eu fugiat nulla pariatur. Excepteur sint occaecat cupidatat non proident, sunt in culpa qui&hellip;","_links":{"self":[{"href":"https:\/\/car-rental-cancun.com\/en\/wp-json\/wp\/v2\/pages\/3164","targetHints":{"allow":["GET"]}}],"collection":[{"href":"https:\/\/car-rental-cancun.com\/en\/wp-json\/wp\/v2\/pages"}],"about":[{"href":"https:\/\/car-rental-cancun.com\/en\/wp-json\/wp\/v2\/types\/page"}],"author":[{"embeddable":true,"href":"https:\/\/car-rental-cancun.com\/en\/wp-json\/wp\/v2\/users\/1"}],"replies":[{"embeddable":true,"href":"https:\/\/car-rental-cancun.com\/en\/wp-json\/wp\/v2\/comments?post=3164"}],"version-history":[{"count":17,"href":"https:\/\/car-rental-cancun.com\/en\/wp-json\/wp\/v2\/pages\/3164\/revisions"}],"predecessor-version":[{"id":3615,"href":"https:\/\/car-rental-cancun.com\/en\/wp-json\/wp\/v2\/pages\/3164\/revisions\/3615"}],"wp:featuredmedia":[{"embeddable":true,"href":"https:\/\/car-rental-cancun.com\/en\/wp-json\/wp\/v2\/media\/3299"}],"wp:attachment":[{"href":"https:\/\/car-rental-cancun.com\/en\/wp-json\/wp\/v2\/media?parent=3164"}],"curies":[{"name":"wp","href":"https:\/\/api.w.org\/{rel}","templated":true}]}}