{"id":3350,"date":"2025-09-07T18:35:53","date_gmt":"2025-09-07T18:35:53","guid":{"rendered":"https:\/\/car-rental-cancun.com\/?page_id=3350"},"modified":"2025-09-15T11:37:10","modified_gmt":"2025-09-15T11:37:10","slug":"acerca-de-nosotros","status":"publish","type":"page","link":"https:\/\/car-rental-cancun.com\/en\/acerca-de-nosotros\/","title":{"rendered":"About Us"},"content":{"rendered":"<div data-elementor-type=\"wp-page\" data-elementor-id=\"3350\" class=\"elementor elementor-3350\">\n\t\t\t\t\t\t<section class=\"elementor-section elementor-top-section elementor-element elementor-element-r585z2l elementor-section-content-middle elementor-section-boxed elementor-section-height-default elementor-section-height-default\" data-id=\"r585z2l\" data-element_type=\"section\" data-settings=\"{&quot;background_background&quot;:&quot;classic&quot;}\">\n\t\t\t\t\t\t\t<div class=\"elementor-background-overlay\"><\/div>\n\t\t\t\t\t\t\t<div class=\"elementor-container elementor-column-gap-default\">\n\t\t\t\t\t<div class=\"elementor-column elementor-col-50 elementor-top-column elementor-element elementor-element-84c6e5d\" data-id=\"84c6e5d\" data-element_type=\"column\">\n\t\t\t<div class=\"elementor-widget-wrap elementor-element-populated\">\n\t\t\t\t\t\t<div class=\"elementor-element elementor-element-d70681e elementor-widget elementor-widget-image-box\" data-id=\"d70681e\" data-element_type=\"widget\" data-widget_type=\"image-box.default\">\n\t\t\t\t<div class=\"elementor-widget-container\">\n\t\t\t\t\t<div class=\"elementor-image-box-wrapper\"><div class=\"elementor-image-box-content\"><h2 class=\"elementor-image-box-title\">About Us<\/h2><p class=\"elementor-image-box-description\">At Roady Car Rental, we're a team of four committed to making your rental experience simple, fast, and transparent.\nWe specialize in offering service without lines, high deposits, and personalized attention so you can enjoy Cancun with complete peace of mind.<\/p><\/div><\/div>\t\t\t\t<\/div>\n\t\t\t\t<\/div>\n\t\t\t\t<div class=\"elementor-element elementor-element-7651604 e-grid-align-left elementor-shape-circle e-grid-align-mobile-center e-grid-align-tablet-center elementor-grid-0 elementor-widget elementor-widget-social-icons\" data-id=\"7651604\" data-element_type=\"widget\" data-widget_type=\"social-icons.default\">\n\t\t\t\t<div class=\"elementor-widget-container\">\n\t\t\t\t\t\t\t<div class=\"elementor-social-icons-wrapper elementor-grid\" role=\"list\">\n\t\t\t\t\t\t\t<span class=\"elementor-grid-item\" role=\"listitem\">\n\t\t\t\t\t<a class=\"elementor-icon elementor-social-icon elementor-social-icon-facebook elementor-repeater-item-6aa4c6f\" href=\"https:\/\/www.facebook.com\/profile.php?id=100083724175392\" target=\"_blank\">\n\t\t\t\t\t\t<span class=\"elementor-screen-only\">Facebook<\/span>\n\t\t\t\t\t\t<svg aria-hidden=\"true\" class=\"e-font-icon-svg e-fab-facebook\" viewbox=\"0 0 512 512\" xmlns=\"http:\/\/www.w3.org\/2000\/svg\"><path d=\"M504 256C504 119 393 8 256 8S8 119 8 256c0 123.78 90.69 226.38 209.25 245V327.69h-63V256h63v-54.64c0-62.15 37-96.48 93.67-96.48 27.14 0 55.52 4.84 55.52 4.84v61h-31.28c-30.8 0-40.41 19.12-40.41 38.73V256h68.78l-11 71.69h-57.78V501C413.31 482.38 504 379.78 504 256z\"><\/path><\/svg>\t\t\t\t\t<\/a>\n\t\t\t\t<\/span>\n\t\t\t\t\t\t\t<span class=\"elementor-grid-item\" role=\"listitem\">\n\t\t\t\t\t<a class=\"elementor-icon elementor-social-icon elementor-social-icon-instagram elementor-repeater-item-73ad501\" href=\"https:\/\/www.instagram.com\/roadycar_rental?utm_source=ig_web_button_share_sheet&#038;igsh=ZDNlZDc0MzIxNw==\">\n\t\t\t\t\t\t<span class=\"elementor-screen-only\">Instagram<\/span>\n\t\t\t\t\t\t<svg aria-hidden=\"true\" class=\"e-font-icon-svg e-fab-instagram\" viewbox=\"0 0 448 512\" xmlns=\"http:\/\/www.w3.org\/2000\/svg\"><path d=\"M224.1 141c-63.6 0-114.9 51.3-114.9 114.9s51.3 114.9 114.9 114.9S339 319.5 339 255.9 287.7 141 224.1 141zm0 189.6c-41.1 0-74.7-33.5-74.7-74.7s33.5-74.7 74.7-74.7 74.7 33.5 74.7 74.7-33.6 74.7-74.7 74.7zm146.4-194.3c0 14.9-12 26.8-26.8 26.8-14.9 0-26.8-12-26.8-26.8s12-26.8 26.8-26.8 26.8 12 26.8 26.8zm76.1 27.2c-1.7-35.9-9.9-67.7-36.2-93.9-26.2-26.2-58-34.4-93.9-36.2-37-2.1-147.9-2.1-184.9 0-35.8 1.7-67.6 9.9-93.9 36.1s-34.4 58-36.2 93.9c-2.1 37-2.1 147.9 0 184.9 1.7 35.9 9.9 67.7 36.2 93.9s58 34.4 93.9 36.2c37 2.1 147.9 2.1 184.9 0 35.9-1.7 67.7-9.9 93.9-36.2 26.2-26.2 34.4-58 36.2-93.9 2.1-37 2.1-147.8 0-184.8zM398.8 388c-7.8 19.6-22.9 34.7-42.6 42.6-29.5 11.7-99.5 9-132.1 9s-102.7 2.6-132.1-9c-19.6-7.8-34.7-22.9-42.6-42.6-11.7-29.5-9-99.5-9-132.1s-2.6-102.7 9-132.1c7.8-19.6 22.9-34.7 42.6-42.6 29.5-11.7 99.5-9 132.1-9s102.7-2.6 132.1 9c19.6 7.8 34.7 22.9 42.6 42.6 11.7 29.5 9 99.5 9 132.1s2.7 102.7-9 132.1z\"><\/path><\/svg>\t\t\t\t\t<\/a>\n\t\t\t\t<\/span>\n\t\t\t\t\t\t\t<span class=\"elementor-grid-item\" role=\"listitem\">\n\t\t\t\t\t<a class=\"elementor-icon elementor-social-icon elementor-social-icon-tiktok elementor-repeater-item-efed327\" href=\"https:\/\/www.tiktok.com\/@roadycarrental?is_from_webapp=1&#038;sender_device=pc\" target=\"_blank\">\n\t\t\t\t\t\t<span class=\"elementor-screen-only\">Tiktok<\/span>\n\t\t\t\t\t\t<svg aria-hidden=\"true\" class=\"e-font-icon-svg e-fab-tiktok\" viewbox=\"0 0 448 512\" xmlns=\"http:\/\/www.w3.org\/2000\/svg\"><path d=\"M448,209.91a210.06,210.06,0,0,1-122.77-39.25V349.38A162.55,162.55,0,1,1,185,188.31V278.2a74.62,74.62,0,1,0,52.23,71.18V0l88,0a121.18,121.18,0,0,0,1.86,22.17h0A122.18,122.18,0,0,0,381,102.39a121.43,121.43,0,0,0,67,20.14Z\"><\/path><\/svg>\t\t\t\t\t<\/a>\n\t\t\t\t<\/span>\n\t\t\t\t\t<\/div>\n\t\t\t\t\t\t<\/div>\n\t\t\t\t<\/div>\n\t\t\t\t\t<\/div>\n\t\t<\/div>\n\t\t\t\t<div class=\"elementor-column elementor-col-50 elementor-top-column elementor-element elementor-element-df70f4f\" data-id=\"df70f4f\" data-element_type=\"column\">\n\t\t\t<div class=\"elementor-widget-wrap elementor-element-populated\">\n\t\t\t\t\t\t<section class=\"elementor-section elementor-inner-section elementor-element elementor-element-c09a32d elementor-section-boxed elementor-section-height-default elementor-section-height-default\" data-id=\"c09a32d\" data-element_type=\"section\">\n\t\t\t\t\t\t<div class=\"elementor-container elementor-column-gap-wider\">\n\t\t\t\t\t<div class=\"elementor-column elementor-col-50 elementor-inner-column elementor-element elementor-element-1d16420\" data-id=\"1d16420\" data-element_type=\"column\" data-settings=\"{&quot;background_background&quot;:&quot;classic&quot;}\">\n\t\t\t<div class=\"elementor-widget-wrap elementor-element-populated\">\n\t\t\t\t\t<div class=\"elementor-background-overlay\"><\/div>\n\t\t\t\t\t\t<div class=\"elementor-element elementor-element-98ee2a8 elementor-widget elementor-widget-image\" data-id=\"98ee2a8\" data-element_type=\"widget\" data-widget_type=\"image.default\">\n\t\t\t\t<div class=\"elementor-widget-container\">\n\t\t\t\t\t\t\t\t\t\t\t\t\t\t\t<img decoding=\"async\" width=\"150\" height=\"150\" src=\"https:\/\/car-rental-cancun.com\/wp-content\/uploads\/2025\/09\/WhatsApp-Image-2025-09-08-at-3.38.25-PM-1-150x150.jpeg\" class=\"attachment-thumbnail size-thumbnail wp-image-3411\" alt=\"\" \/>\t\t\t\t\t\t\t\t\t\t\t\t\t\t\t<\/div>\n\t\t\t\t<\/div>\n\t\t\t\t<div class=\"elementor-element elementor-element-1ce7453 elementor-widget elementor-widget-image-box\" data-id=\"1ce7453\" data-element_type=\"widget\" data-widget_type=\"image-box.default\">\n\t\t\t\t<div class=\"elementor-widget-container\">\n\t\t\t\t\t<div class=\"elementor-image-box-wrapper\"><div class=\"elementor-image-box-content\"><h5 class=\"elementor-image-box-title\">Manuel Peniche<\/h5><\/div><\/div>\t\t\t\t<\/div>\n\t\t\t\t<\/div>\n\t\t\t\t\t<\/div>\n\t\t<\/div>\n\t\t\t\t<div class=\"elementor-column elementor-col-50 elementor-inner-column elementor-element elementor-element-9d21f03\" data-id=\"9d21f03\" data-element_type=\"column\" data-settings=\"{&quot;background_background&quot;:&quot;classic&quot;}\">\n\t\t\t<div class=\"elementor-widget-wrap elementor-element-populated\">\n\t\t\t\t\t<div class=\"elementor-background-overlay\"><\/div>\n\t\t\t\t\t\t<div class=\"elementor-element elementor-element-9c66c83 elementor-widget elementor-widget-image\" data-id=\"9c66c83\" data-element_type=\"widget\" data-widget_type=\"image.default\">\n\t\t\t\t<div class=\"elementor-widget-container\">\n\t\t\t\t\t\t\t\t\t\t\t\t\t\t\t<img decoding=\"async\" width=\"150\" height=\"150\" src=\"https:\/\/car-rental-cancun.com\/wp-content\/uploads\/2025\/09\/WhatsApp-Image-2025-09-08-at-3.38.25-PM-150x150.jpeg\" class=\"attachment-thumbnail size-thumbnail wp-image-3412\" alt=\"\" \/>\t\t\t\t\t\t\t\t\t\t\t\t\t\t\t<\/div>\n\t\t\t\t<\/div>\n\t\t\t\t<div class=\"elementor-element elementor-element-4db3629 elementor-widget elementor-widget-image-box\" data-id=\"4db3629\" data-element_type=\"widget\" data-widget_type=\"image-box.default\">\n\t\t\t\t<div class=\"elementor-widget-container\">\n\t\t\t\t\t<div class=\"elementor-image-box-wrapper\"><div class=\"elementor-image-box-content\"><h5 class=\"elementor-image-box-title\">Samuel Miranda<\/h5><\/div><\/div>\t\t\t\t<\/div>\n\t\t\t\t<\/div>\n\t\t\t\t\t<\/div>\n\t\t<\/div>\n\t\t\t\t\t<\/div>\n\t\t<\/section>\n\t\t\t\t<section class=\"elementor-section elementor-inner-section elementor-element elementor-element-44ce1f2 elementor-section-boxed elementor-section-height-default elementor-section-height-default\" data-id=\"44ce1f2\" data-element_type=\"section\">\n\t\t\t\t\t\t<div class=\"elementor-container elementor-column-gap-wider\">\n\t\t\t\t\t<div class=\"elementor-column elementor-col-50 elementor-inner-column elementor-element elementor-element-4d41fa8\" data-id=\"4d41fa8\" data-element_type=\"column\" data-settings=\"{&quot;background_background&quot;:&quot;classic&quot;}\">\n\t\t\t<div class=\"elementor-widget-wrap elementor-element-populated\">\n\t\t\t\t\t<div class=\"elementor-background-overlay\"><\/div>\n\t\t\t\t\t\t<div class=\"elementor-element elementor-element-b52d9d7 elementor-widget elementor-widget-image\" data-id=\"b52d9d7\" data-element_type=\"widget\" data-widget_type=\"image.default\">\n\t\t\t\t<div class=\"elementor-widget-container\">\n\t\t\t\t\t\t\t\t\t\t\t\t\t\t\t<img decoding=\"async\" width=\"150\" height=\"150\" src=\"https:\/\/car-rental-cancun.com\/wp-content\/uploads\/2025\/09\/WhatsApp-Image-2025-09-08-at-3.38.26-PM-150x150.jpeg\" class=\"attachment-thumbnail size-thumbnail wp-image-3413\" alt=\"\" \/>\t\t\t\t\t\t\t\t\t\t\t\t\t\t\t<\/div>\n\t\t\t\t<\/div>\n\t\t\t\t<div class=\"elementor-element elementor-element-5869ad4 elementor-widget elementor-widget-image-box\" data-id=\"5869ad4\" data-element_type=\"widget\" data-widget_type=\"image-box.default\">\n\t\t\t\t<div class=\"elementor-widget-container\">\n\t\t\t\t\t<div class=\"elementor-image-box-wrapper\"><div class=\"elementor-image-box-content\"><h5 class=\"elementor-image-box-title\">Raul Peniche<\/h5><\/div><\/div>\t\t\t\t<\/div>\n\t\t\t\t<\/div>\n\t\t\t\t\t<\/div>\n\t\t<\/div>\n\t\t\t\t<div class=\"elementor-column elementor-col-50 elementor-inner-column elementor-element elementor-element-83c5dad\" data-id=\"83c5dad\" data-element_type=\"column\" data-settings=\"{&quot;background_background&quot;:&quot;classic&quot;}\">\n\t\t\t<div class=\"elementor-widget-wrap elementor-element-populated\">\n\t\t\t\t\t<div class=\"elementor-background-overlay\"><\/div>\n\t\t\t\t\t\t<div class=\"elementor-element elementor-element-4006113 elementor-widget elementor-widget-image\" data-id=\"4006113\" data-element_type=\"widget\" data-widget_type=\"image.default\">\n\t\t\t\t<div class=\"elementor-widget-container\">\n\t\t\t\t\t\t\t\t\t\t\t\t\t\t\t<img loading=\"lazy\" decoding=\"async\" width=\"150\" height=\"150\" src=\"https:\/\/car-rental-cancun.com\/wp-content\/uploads\/2025\/09\/WhatsApp-Image-2025-09-08-at-3.38.33-PM-150x150.jpeg\" class=\"attachment-thumbnail size-thumbnail wp-image-3414\" alt=\"\" \/>\t\t\t\t\t\t\t\t\t\t\t\t\t\t\t<\/div>\n\t\t\t\t<\/div>\n\t\t\t\t<div class=\"elementor-element elementor-element-2b6939d elementor-widget elementor-widget-image-box\" data-id=\"2b6939d\" data-element_type=\"widget\" data-widget_type=\"image-box.default\">\n\t\t\t\t<div class=\"elementor-widget-container\">\n\t\t\t\t\t<div class=\"elementor-image-box-wrapper\"><div class=\"elementor-image-box-content\"><h5 class=\"elementor-image-box-title\">Santiago Garcia<\/h5><\/div><\/div>\t\t\t\t<\/div>\n\t\t\t\t<\/div>\n\t\t\t\t\t<\/div>\n\t\t<\/div>\n\t\t\t\t\t<\/div>\n\t\t<\/section>\n\t\t\t\t\t<\/div>\n\t\t<\/div>\n\t\t\t\t\t<\/div>\n\t\t<\/section>\n\t\t\t\t<\/div>","protected":false},"excerpt":{"rendered":"<p>Acerca de nosotros En Roady Car Rental somos un equipo de cuatro colaboradores comprometidos con hacer tu experiencia de renta sencilla, r\u00e1pida y transparente. Nos especializamos en ofrecer un servicio sin filas, sin dep\u00f3sitos elevados y con atenci\u00f3n personalizada para que disfrutes Canc\u00fan con total tranquilidad. Facebook Instagram Tiktok Manuel Peniche Samuel Miranda Raul Peniche [&hellip;]<\/p>","protected":false},"author":1,"featured_media":0,"parent":0,"menu_order":0,"comment_status":"closed","ping_status":"closed","template":"","meta":{"_uag_custom_page_level_css":"","site-sidebar-layout":"no-sidebar","site-content-layout":"page-builder","ast-site-content-layout":"full-width-container","site-content-style":"default","site-sidebar-style":"default","ast-global-header-display":"","ast-banner-title-visibility":"","ast-main-header-display":"","ast-hfb-above-header-display":"","ast-hfb-below-header-display":"","ast-hfb-mobile-header-display":"","site-post-title":"","ast-breadcrumbs-content":"","ast-featured-img":"disabled","footer-sml-layout":"","theme-transparent-header-meta":"","adv-header-id-meta":"","stick-header-meta":"","header-above-stick-meta":"","header-main-stick-meta":"","header-below-stick-meta":"","astra-migrate-meta-layouts":"default","ast-page-background-enabled":"default","ast-page-background-meta":{"desktop":{"background-color":"","background-image":"","background-repeat":"repeat","background-position":"center center","background-size":"auto","background-attachment":"scroll","background-type":"","background-media":"","overlay-type":"","overlay-color":"","overlay-opacity":"","overlay-gradient":""},"tablet":{"background-color":"","background-image":"","background-repeat":"repeat","background-position":"center center","background-size":"auto","background-attachment":"scroll","background-type":"","background-media":"","overlay-type":"","overlay-color":"","overlay-opacity":"","overlay-gradient":""},"mobile":{"background-color":"","background-image":"","background-repeat":"repeat","background-position":"center center","background-size":"auto","background-attachment":"scroll","background-type":"","background-media":"","overlay-type":"","overlay-color":"","overlay-opacity":"","overlay-gradient":""}},"ast-content-background-meta":{"desktop":{"background-color":"var(--ast-global-color-5)","background-image":"","background-repeat":"repeat","background-position":"center center","background-size":"auto","background-attachment":"scroll","background-type":"","background-media":"","overlay-type":"","overlay-color":"","overlay-opacity":"","overlay-gradient":""},"tablet":{"background-color":"var(--ast-global-color-5)","background-image":"","background-repeat":"repeat","background-position":"center center","background-size":"auto","background-attachment":"scroll","background-type":"","background-media":"","overlay-type":"","overlay-color":"","overlay-opacity":"","overlay-gradient":""},"mobile":{"background-color":"var(--ast-global-color-5)","background-image":"","background-repeat":"repeat","background-position":"center center","background-size":"auto","background-attachment":"scroll","background-type":"","background-media":"","overlay-type":"","overlay-color":"","overlay-opacity":"","overlay-gradient":""}},"_joinchat":[],"footnotes":""},"class_list":["post-3350","page","type-page","status-publish","hentry"],"yoast_head":"<!-- This site is optimized with the Yoast SEO plugin v26.3 - https:\/\/yoast.com\/wordpress\/plugins\/seo\/ -->\n<title>Acerca de nosotros - Car Rental Cancun<\/title>\n<meta name=\"robots\" content=\"index, follow, max-snippet:-1, max-image-preview:large, max-video-preview:-1\" \/>\n<link rel=\"canonical\" href=\"https:\/\/car-rental-cancun.com\/en\/acerca-de-nosotros\/\" \/>\n<meta property=\"og:locale\" content=\"en_US\" \/>\n<meta property=\"og:type\" content=\"article\" \/>\n<meta property=\"og:title\" content=\"Acerca de nosotros - Car Rental Cancun\" \/>\n<meta property=\"og:description\" content=\"Acerca de nosotros En Roady Car Rental somos un equipo de cuatro colaboradores comprometidos con hacer tu experiencia de renta sencilla, r\u00e1pida y transparente. Nos especializamos en ofrecer un servicio sin filas, sin dep\u00f3sitos elevados y con atenci\u00f3n personalizada para que disfrutes Canc\u00fan con total tranquilidad. Facebook Instagram Tiktok Manuel Peniche Samuel Miranda Raul Peniche [&hellip;]\" \/>\n<meta property=\"og:url\" content=\"https:\/\/car-rental-cancun.com\/en\/acerca-de-nosotros\/\" \/>\n<meta property=\"og:site_name\" content=\"Car Rental Cancun\" \/>\n<meta property=\"article:publisher\" content=\"https:\/\/www.facebook.com\/profile.php?id=100083724175392\" \/>\n<meta property=\"article:modified_time\" content=\"2025-09-15T11:37:10+00:00\" \/>\n<meta property=\"og:image\" content=\"https:\/\/car-rental-cancun.com\/wp-content\/uploads\/2025\/09\/WhatsApp-Image-2025-09-08-at-3.38.25-PM-1.jpeg\" \/>\n\t<meta property=\"og:image:width\" content=\"960\" \/>\n\t<meta property=\"og:image:height\" content=\"1280\" \/>\n\t<meta property=\"og:image:type\" content=\"image\/jpeg\" \/>\n<meta name=\"twitter:card\" content=\"summary_large_image\" \/>\n<meta name=\"twitter:label1\" content=\"Est. reading time\" \/>\n\t<meta name=\"twitter:data1\" content=\"2 minutes\" \/>\n<script type=\"application\/ld+json\" class=\"yoast-schema-graph\">{\"@context\":\"https:\/\/schema.org\",\"@graph\":[{\"@type\":\"WebPage\",\"@id\":\"https:\/\/car-rental-cancun.com\/acerca-de-nosotros\/\",\"url\":\"https:\/\/car-rental-cancun.com\/acerca-de-nosotros\/\",\"name\":\"Acerca de nosotros - Car Rental Cancun\",\"isPartOf\":{\"@id\":\"https:\/\/car-rental-cancun.com\/#website\"},\"primaryImageOfPage\":{\"@id\":\"https:\/\/car-rental-cancun.com\/acerca-de-nosotros\/#primaryimage\"},\"image\":{\"@id\":\"https:\/\/car-rental-cancun.com\/acerca-de-nosotros\/#primaryimage\"},\"thumbnailUrl\":\"https:\/\/car-rental-cancun.com\/wp-content\/uploads\/2025\/09\/WhatsApp-Image-2025-09-08-at-3.38.25-PM-1-150x150.jpeg\",\"datePublished\":\"2025-09-07T18:35:53+00:00\",\"dateModified\":\"2025-09-15T11:37:10+00:00\",\"breadcrumb\":{\"@id\":\"https:\/\/car-rental-cancun.com\/acerca-de-nosotros\/#breadcrumb\"},\"inLanguage\":\"en-US\",\"potentialAction\":[{\"@type\":\"ReadAction\",\"target\":[\"https:\/\/car-rental-cancun.com\/acerca-de-nosotros\/\"]}]},{\"@type\":\"ImageObject\",\"inLanguage\":\"en-US\",\"@id\":\"https:\/\/car-rental-cancun.com\/acerca-de-nosotros\/#primaryimage\",\"url\":\"https:\/\/car-rental-cancun.com\/wp-content\/uploads\/2025\/09\/WhatsApp-Image-2025-09-08-at-3.38.25-PM-1-150x150.jpeg\",\"contentUrl\":\"https:\/\/car-rental-cancun.com\/wp-content\/uploads\/2025\/09\/WhatsApp-Image-2025-09-08-at-3.38.25-PM-1-150x150.jpeg\"},{\"@type\":\"BreadcrumbList\",\"@id\":\"https:\/\/car-rental-cancun.com\/acerca-de-nosotros\/#breadcrumb\",\"itemListElement\":[{\"@type\":\"ListItem\",\"position\":1,\"name\":\"Home\",\"item\":\"https:\/\/car-rental-cancun.com\/\"},{\"@type\":\"ListItem\",\"position\":2,\"name\":\"Acerca de nosotros\"}]},{\"@type\":\"WebSite\",\"@id\":\"https:\/\/car-rental-cancun.com\/#website\",\"url\":\"https:\/\/car-rental-cancun.com\/\",\"name\":\"Car Rental Cancun\",\"description\":\"Lets hit the ride\",\"publisher\":{\"@id\":\"https:\/\/car-rental-cancun.com\/#organization\"},\"alternateName\":\"Car rental cancun by roady\",\"potentialAction\":[{\"@type\":\"SearchAction\",\"target\":{\"@type\":\"EntryPoint\",\"urlTemplate\":\"https:\/\/car-rental-cancun.com\/?s={search_term_string}\"},\"query-input\":{\"@type\":\"PropertyValueSpecification\",\"valueRequired\":true,\"valueName\":\"search_term_string\"}}],\"inLanguage\":\"en-US\"},{\"@type\":\"Organization\",\"@id\":\"https:\/\/car-rental-cancun.com\/#organization\",\"name\":\"cancun car rental by Roady Car rental\",\"alternateName\":\"cancun car rental by Roady Car rental\",\"url\":\"https:\/\/car-rental-cancun.com\/\",\"logo\":{\"@type\":\"ImageObject\",\"inLanguage\":\"en-US\",\"@id\":\"https:\/\/car-rental-cancun.com\/#\/schema\/logo\/image\/\",\"url\":\"https:\/\/car-rental-cancun.com\/wp-content\/uploads\/2025\/08\/cropped-LOGO-ROADY_Mesa-de-trabajo-1-scaled-1.png\",\"contentUrl\":\"https:\/\/car-rental-cancun.com\/wp-content\/uploads\/2025\/08\/cropped-LOGO-ROADY_Mesa-de-trabajo-1-scaled-1.png\",\"width\":1920,\"height\":1080,\"caption\":\"cancun car rental by Roady Car rental\"},\"image\":{\"@id\":\"https:\/\/car-rental-cancun.com\/#\/schema\/logo\/image\/\"},\"sameAs\":[\"https:\/\/www.facebook.com\/profile.php?id=100083724175392\",\"https:\/\/www.instagram.com\/roadycar_rental?utm_source=ig_web_button_share_sheet&igsh=ZDNlZDc0MzIxNw==\"]}]}<\/script>\n<!-- \/ Yoast SEO plugin. -->","yoast_head_json":{"title":"Acerca de nosotros - Car Rental Cancun","robots":{"index":"index","follow":"follow","max-snippet":"max-snippet:-1","max-image-preview":"max-image-preview:large","max-video-preview":"max-video-preview:-1"},"canonical":"https:\/\/car-rental-cancun.com\/en\/acerca-de-nosotros\/","og_locale":"en_US","og_type":"article","og_title":"Acerca de nosotros - Car Rental Cancun","og_description":"Acerca de nosotros En Roady Car Rental somos un equipo de cuatro colaboradores comprometidos con hacer tu experiencia de renta sencilla, r\u00e1pida y transparente. Nos especializamos en ofrecer un servicio sin filas, sin dep\u00f3sitos elevados y con atenci\u00f3n personalizada para que disfrutes Canc\u00fan con total tranquilidad. Facebook Instagram Tiktok Manuel Peniche Samuel Miranda Raul Peniche [&hellip;]","og_url":"https:\/\/car-rental-cancun.com\/en\/acerca-de-nosotros\/","og_site_name":"Car Rental Cancun","article_publisher":"https:\/\/www.facebook.com\/profile.php?id=100083724175392","article_modified_time":"2025-09-15T11:37:10+00:00","og_image":[{"width":960,"height":1280,"url":"https:\/\/car-rental-cancun.com\/wp-content\/uploads\/2025\/09\/WhatsApp-Image-2025-09-08-at-3.38.25-PM-1.jpeg","type":"image\/jpeg"}],"twitter_card":"summary_large_image","twitter_misc":{"Est. reading time":"2 minutes"},"schema":{"@context":"https:\/\/schema.org","@graph":[{"@type":"WebPage","@id":"https:\/\/car-rental-cancun.com\/acerca-de-nosotros\/","url":"https:\/\/car-rental-cancun.com\/acerca-de-nosotros\/","name":"Acerca de nosotros - Car Rental Cancun","isPartOf":{"@id":"https:\/\/car-rental-cancun.com\/#website"},"primaryImageOfPage":{"@id":"https:\/\/car-rental-cancun.com\/acerca-de-nosotros\/#primaryimage"},"image":{"@id":"https:\/\/car-rental-cancun.com\/acerca-de-nosotros\/#primaryimage"},"thumbnailUrl":"https:\/\/car-rental-cancun.com\/wp-content\/uploads\/2025\/09\/WhatsApp-Image-2025-09-08-at-3.38.25-PM-1-150x150.jpeg","datePublished":"2025-09-07T18:35:53+00:00","dateModified":"2025-09-15T11:37:10+00:00","breadcrumb":{"@id":"https:\/\/car-rental-cancun.com\/acerca-de-nosotros\/#breadcrumb"},"inLanguage":"en-US","potentialAction":[{"@type":"ReadAction","target":["https:\/\/car-rental-cancun.com\/acerca-de-nosotros\/"]}]},{"@type":"ImageObject","inLanguage":"en-US","@id":"https:\/\/car-rental-cancun.com\/acerca-de-nosotros\/#primaryimage","url":"https:\/\/car-rental-cancun.com\/wp-content\/uploads\/2025\/09\/WhatsApp-Image-2025-09-08-at-3.38.25-PM-1-150x150.jpeg","contentUrl":"https:\/\/car-rental-cancun.com\/wp-content\/uploads\/2025\/09\/WhatsApp-Image-2025-09-08-at-3.38.25-PM-1-150x150.jpeg"},{"@type":"BreadcrumbList","@id":"https:\/\/car-rental-cancun.com\/acerca-de-nosotros\/#breadcrumb","itemListElement":[{"@type":"ListItem","position":1,"name":"Home","item":"https:\/\/car-rental-cancun.com\/"},{"@type":"ListItem","position":2,"name":"Acerca de nosotros"}]},{"@type":"WebSite","@id":"https:\/\/car-rental-cancun.com\/#website","url":"https:\/\/car-rental-cancun.com\/","name":"Car Rental Cancun","description":"Lets hit the ride","publisher":{"@id":"https:\/\/car-rental-cancun.com\/#organization"},"alternateName":"Car rental cancun by roady","potentialAction":[{"@type":"SearchAction","target":{"@type":"EntryPoint","urlTemplate":"https:\/\/car-rental-cancun.com\/?s={search_term_string}"},"query-input":{"@type":"PropertyValueSpecification","valueRequired":true,"valueName":"search_term_string"}}],"inLanguage":"en-US"},{"@type":"Organization","@id":"https:\/\/car-rental-cancun.com\/#organization","name":"cancun car rental by Roady Car rental","alternateName":"cancun car rental by Roady Car rental","url":"https:\/\/car-rental-cancun.com\/","logo":{"@type":"ImageObject","inLanguage":"en-US","@id":"https:\/\/car-rental-cancun.com\/#\/schema\/logo\/image\/","url":"https:\/\/car-rental-cancun.com\/wp-content\/uploads\/2025\/08\/cropped-LOGO-ROADY_Mesa-de-trabajo-1-scaled-1.png","contentUrl":"https:\/\/car-rental-cancun.com\/wp-content\/uploads\/2025\/08\/cropped-LOGO-ROADY_Mesa-de-trabajo-1-scaled-1.png","width":1920,"height":1080,"caption":"cancun car rental by Roady Car rental"},"image":{"@id":"https:\/\/car-rental-cancun.com\/#\/schema\/logo\/image\/"},"sameAs":["https:\/\/www.facebook.com\/profile.php?id=100083724175392","https:\/\/www.instagram.com\/roadycar_rental?utm_source=ig_web_button_share_sheet&igsh=ZDNlZDc0MzIxNw=="]}]}},"_hostinger_reach_plugin_has_subscription_block":false,"_hostinger_reach_plugin_is_elementor":false,"uagb_featured_image_src":{"full":false,"thumbnail":false,"medium":false,"medium_large":false,"large":false,"1536x1536":false,"2048x2048":false,"trp-custom-language-flag":false},"uagb_author_info":{"display_name":"manuelpeniche0310@gmail.com","author_link":"https:\/\/car-rental-cancun.com\/en\/author\/manuelpeniche0310gmail-com\/"},"uagb_comment_info":0,"uagb_excerpt":"Acerca de nosotros En Roady Car Rental somos un equipo de cuatro colaboradores comprometidos con hacer tu experiencia de renta sencilla, r\u00e1pida y transparente. Nos especializamos en ofrecer un servicio sin filas, sin dep\u00f3sitos elevados y con atenci\u00f3n personalizada para que disfrutes Canc\u00fan con total tranquilidad. Facebook Instagram Tiktok Manuel Peniche Samuel Miranda Raul Peniche&hellip;","_links":{"self":[{"href":"https:\/\/car-rental-cancun.com\/en\/wp-json\/wp\/v2\/pages\/3350","targetHints":{"allow":["GET"]}}],"collection":[{"href":"https:\/\/car-rental-cancun.com\/en\/wp-json\/wp\/v2\/pages"}],"about":[{"href":"https:\/\/car-rental-cancun.com\/en\/wp-json\/wp\/v2\/types\/page"}],"author":[{"embeddable":true,"href":"https:\/\/car-rental-cancun.com\/en\/wp-json\/wp\/v2\/users\/1"}],"replies":[{"embeddable":true,"href":"https:\/\/car-rental-cancun.com\/en\/wp-json\/wp\/v2\/comments?post=3350"}],"version-history":[{"count":13,"href":"https:\/\/car-rental-cancun.com\/en\/wp-json\/wp\/v2\/pages\/3350\/revisions"}],"predecessor-version":[{"id":3588,"href":"https:\/\/car-rental-cancun.com\/en\/wp-json\/wp\/v2\/pages\/3350\/revisions\/3588"}],"wp:attachment":[{"href":"https:\/\/car-rental-cancun.com\/en\/wp-json\/wp\/v2\/media?parent=3350"}],"curies":[{"name":"wp","href":"https:\/\/api.w.org\/{rel}","templated":true}]}}